{"id":17,"date":"2017-07-03T16:14:33","date_gmt":"2017-07-03T16:14:33","guid":{"rendered":"http:\/\/montageservice-schneider.de\/?page_id=17"},"modified":"2018-09-13T13:39:43","modified_gmt":"2018-09-13T13:39:43","slug":"leistungen","status":"publish","type":"page","link":"https:\/\/montageservice-schneider.de\/?page_id=17","title":{"rendered":"Leistungen"},"content":{"rendered":"<div id=\"pl-17\"  class=\"panel-layout\" ><div id=\"pg-17-0\"  class=\"panel-grid panel-has-style\" ><div style=\"padding: 100px 0; \" data-overlay=\"true\" data-overlay-color=\"#000000\" class=\"panel-row-style panel-row-style-for-17-0\" ><div id=\"pgc-17-0-0\"  class=\"panel-grid-cell\" ><div id=\"panel-17-0-0-0\" class=\"so-panel widget widget_sow-editor panel-first-child panel-last-child\" data-index=\"0\" ><div style=\"text-align: left;\" data-title-color=\"#443f3f\" data-headings-color=\"#443f3f\" class=\"panel-widget-style panel-widget-style-for-17-0-0-0\" ><div\n\t\t\t\n\t\t\tclass=\"so-widget-sow-editor so-widget-sow-editor-base\"\n\t\t\t\n\t\t>\n<div class=\"siteorigin-widget-tinymce textwidget\">\n\t<p>\tUnsere Leistungen umfassen:<\/p>\n<ul>\n<li>Decken<\/li>\n<li>B\u00f6den<\/li>\n<li>Innet\u00fcren &amp; Schiebet\u00fcren<\/li>\n<li>Schiebet\u00fcrsysteme<\/li>\n<li>Haust\u00fcren<\/li>\n<li>Terrassen<\/li>\n<li>Z\u00e4une &amp; Sichtschutz<\/li>\n<li>Gartenh\u00e4user<\/li>\n<li>Sonstiges<\/li>\n<\/ul>\n<\/div>\n<\/div><\/div><\/div><\/div><div id=\"pgc-17-0-1\"  class=\"panel-grid-cell\" ><div id=\"panel-17-0-1-0\" class=\"so-panel widget widget_bwp_gallery bwp_gallery panel-first-child panel-last-child\" data-index=\"1\" ><div style=\"text-align: left;\" data-title-color=\"#443f3f\" data-headings-color=\"#443f3f\" class=\"panel-widget-style panel-widget-style-for-17-0-1-0\" ><h3 class=\"widget-title\">Bildergalerien<\/h3><style id=\"bwg-style-0\">    #bwg_container1_0 #bwg_container2_0 .bwg-container-0.bwg-album-thumbnails {\n    width: 1004px;\n    justify-content: center;\n            justify-content: center;\n        margin:0 auto !important;\n          background-color: rgba(255, 255, 255, 0.00);\n          padding-left: 4px;\n      padding-top: 4px;\n      max-width: 100%;\n          }\n        #bwg_container1_0 #bwg_container2_0 .bwg-container-0.bwg-album-thumbnails .bwg-item {\n    justify-content: flex-start;\n    max-width: 200px;\n        }\n    #bwg_container1_0 #bwg_container2_0 .bwg-container-0.bwg-album-thumbnails .bwg-item a {\n      margin-right: 4px;\n      margin-bottom: 4px;\n    }\n    #bwg_container1_0 #bwg_container2_0 .bwg-container-0.bwg-album-thumbnails .bwg-item0 {\n      padding: 0px;\n            background-color:rgba(255,255,255, 0.30);\n      border: 0px none #CCCCCC;\n      opacity: 1.00;\n      border-radius: 0;\n      box-shadow: 0px 0px 0px #888888;\n    }\n    #bwg_container1_0 #bwg_container2_0 .bwg-container-0.bwg-album-thumbnails .bwg-item1 img {\n      max-height: none;\n      max-width: none;\n      padding: 0 !important;\n    }\n          @media only screen and (min-width: 480px) {\n      #bwg_container1_0 #bwg_container2_0 .bwg-container-0.bwg-album-thumbnails .bwg-item0 {\n            }\n      #bwg_container1_0 #bwg_container2_0 .bwg-container-0.bwg-album-thumbnails .bwg-item0:hover {\n        -ms-transform: scale(1.1);\n        -webkit-transform: scale(1.1);\n        transform: scale(1.1);\n      }\n      }\n          #bwg_container1_0 #bwg_container2_0 .bwg-container-0.bwg-album-thumbnails .bwg-item1 {\n      padding-top: 100%;\n    }\n          #bwg_container1_0 #bwg_container2_0 .bwg-container-0.bwg-album-thumbnails .bwg-title1 {\n        position: absolute;\n        top: 0;\n        z-index: 100;\n        width: 100%;\n        height: 100%;\n        display: flex;\n        justify-content: center;\n        align-content: center;\n        flex-direction: column;\n        opacity: 0;\n      }\n          #bwg_container1_0 #bwg_container2_0 .bwg-container-0.bwg-album-thumbnails .bwg-title2 {\n      color: #FFFFFF;\n      font-family: segoe ui;\n      font-size: 16px;\n      font-weight: bold;\n      padding: 2px;\n      text-shadow: 0px 0px 0px #888888;\n      max-height: 100%;\n    }\n        #bwg_container1_0 #bwg_container2_0 .bwg-container-0.bwg-standard-thumbnails {\n      width: 1004px;\n              justify-content: center;\n        margin:0 auto !important;\n              background-color: rgba(255, 255, 255, 0.00);\n            padding-left: 4px;\n      padding-top: 4px;\n      max-width: 100%;\n            }\n        #bwg_container1_0 #bwg_container2_0 .bwg-container-0.bwg-standard-thumbnails .bwg-item {\n    justify-content: flex-start;\n      max-width: 200px;\n          }\n    #bwg_container1_0 #bwg_container2_0 .bwg-container-0.bwg-standard-thumbnails .bwg-item a {\n       margin-right: 4px;\n       margin-bottom: 4px;\n    }\n    #bwg_container1_0 #bwg_container2_0 .bwg-container-0.bwg-standard-thumbnails .bwg-item0 {\n      padding: 0px;\n            background-color:rgba(255,255,255, 0.30);\n      border: 0px none #CCCCCC;\n      opacity: 1.00;\n      border-radius: 0;\n      box-shadow: 0px 0px 0px #888888;\n    }\n    #bwg_container1_0 #bwg_container2_0 .bwg-container-0.bwg-standard-thumbnails .bwg-item1 img {\n      max-height: none;\n      max-width: none;\n      padding: 0 !important;\n    }\n        @media only screen and (min-width: 480px) {\n      #bwg_container1_0 #bwg_container2_0 .bwg-container-0.bwg-standard-thumbnails .bwg-item0 {\n        transition: all 0.3s ease 0s;-webkit-transition: all 0.3s ease 0s;      }\n      #bwg_container1_0 #bwg_container2_0 .bwg-container-0.bwg-standard-thumbnails .bwg-item0:hover {\n        -ms-transform: scale(1.1);\n        -webkit-transform: scale(1.1);\n        transform: scale(1.1);\n      }\n    }\n          #bwg_container1_0 #bwg_container2_0 .bwg-container-0.bwg-standard-thumbnails .bwg-item1 {\n      padding-top: 100%;\n    }\n        #bwg_container1_0 #bwg_container2_0 .bwg-container-0.bwg-standard-thumbnails .bwg-title2,\n    #bwg_container1_0 #bwg_container2_0 .bwg-container-0.bwg-standard-thumbnails .bwg-ecommerce2 {\n      color: #CCCCCC;\n      font-family: segoe ui;\n      font-size: 16px;\n      font-weight: bold;\n      padding: 2px;\n      text-shadow: 0px 0px 0px #888888;\n      max-height: 100%;\n    }\n    #bwg_container1_0 #bwg_container2_0 .bwg-container-0.bwg-standard-thumbnails .bwg-thumb-description span {\n    color: #323A45;\n    font-family: Ubuntu;\n    font-size: 12px;\n    max-height: 100%;\n    word-wrap: break-word;\n    }\n    #bwg_container1_0 #bwg_container2_0 .bwg-container-0.bwg-standard-thumbnails .bwg-play-icon2 {\n      font-size: 32px;\n    }\n    #bwg_container1_0 #bwg_container2_0 .bwg-container-0.bwg-standard-thumbnails .bwg-ecommerce2 {\n      font-size: 19.2px;\n      color: #CCCCCC;\n    }\n    <\/style>\n    <div id=\"bwg_container1_0\"\n         class=\"bwg_container bwg_thumbnail bwg_album_compact_preview bwg_thumbnail\"\n         data-right-click-protection=\"0\"\n         data-bwg=\"0\"\n         data-scroll=\"0\"\n         data-gallery-type=\"album_compact_preview\"\n         data-gallery-view-type=\"thumbnail\"\n         data-current-url=\"\/index.php?rest_route=%2Fwp%2Fv2%2Fpages%2F17\"\n         data-lightbox-url=\"https:\/\/montageservice-schneider.de\/wp-admin\/admin-ajax.php?action=GalleryBox&#038;current_view=0&#038;gallery_id=0&#038;tag=0&#038;theme_id=1&#038;shortcode_id=0&#038;sort_by=order&#038;order_by=ASC&#038;current_url=%2Findex.php%3Frest_route%3D%252Fwp%252Fv2%252Fpages%252F17\"\n         data-gallery-id=\"0\"\n         data-popup-width=\"800\"\n         data-popup-height=\"500\"\n         data-is-album=\"album\"\n         data-buttons-position=\"bottom\">\n      <div id=\"bwg_container2_0\">\n             <div id=\"ajax_loading_0\" class=\"bwg_loading_div_1\">\n      <div class=\"bwg_loading_div_2\">\n        <div class=\"bwg_loading_div_3\">\n          <div id=\"loading_div_0\" class=\"bwg_spider_ajax_loading\">\n          <\/div>\n        <\/div>\n      <\/div>\n    <\/div>\n            <form id=\"gal_front_form_0\"\n              class=\"bwg-hidden\"              method=\"post\"\n              action=\"#\"\n              data-current=\"0\"\n              data-shortcode-id=\"0\"\n              data-gallery-type=\"album_compact_preview\"\n              data-gallery-id=\"0\"\n              data-tag=\"0\"\n              data-album-id=\"4\"\n              data-theme-id=\"1\"\n              data-ajax-url=\"https:\/\/montageservice-schneider.de\/wp-admin\/admin-ajax.php?action=bwg_frontend_data\">\n          <div id=\"bwg_container3_0\" class=\"bwg-background bwg-background-0\">\n                <div data-max-count=\"5\"\n         data-thumbnail-width=\"200\"\n         data-bwg=\"0\"\n         id=\"bwg_album_compact_0\"\n         class=\"bwg-thumbnails bwg-container bwg-container-0 bwg-album-thumbnails bwg_album_thumbnails_0\">\n              <div class=\"bwg-item\">\n          <a class=\"bwg-a bwg_album_0\"\n                          href=\"https:\/\/montageservice-schneider.de\/?bwg_gallery=decken\"             data-container_id=\"bwg_album_compact_0\"\n             data-def_type=\"gallery\"\n             data-album_gallery_id=\"4\"\n             data-alb_gal_id=\"15\"\n             data-title=\"Decken\"\n             data-bwg=\"0\">\n                        <div class=\"bwg-item0 \">\n              <div class=\"bwg-item1 \">\n                <div class=\"bwg-item2\">\n                  <img decoding=\"async\" class=\"skip-lazy \"\n                       data-width=\"500.00\"\n                       data-height=\"373.33\"\n                       data-src=\"https:\/\/montageservice-schneider.de\/wp-content\/uploads\/photo-gallery\/decken\/thumb\/Decken_7.JPG\"\n                       src=\"https:\/\/montageservice-schneider.de\/wp-content\/uploads\/photo-gallery\/decken\/thumb\/Decken_7.JPG\"\n                       alt=\"Decken\"\n                       title=\"Decken\" \/>\n                <\/div>\n                <div class=\"\">\n                  <div class=\"bwg-title1\"><div class=\"bwg-title2\">Decken<\/div><\/div>                <\/div>\n              <\/div>\n            <\/div>\n                      <\/a>\n        <\/div>\n                <div class=\"bwg-item\">\n          <a class=\"bwg-a bwg_album_0\"\n                          href=\"https:\/\/montageservice-schneider.de\/?bwg_album=boeden\"             data-container_id=\"bwg_album_compact_0\"\n             data-def_type=\"album\"\n             data-album_gallery_id=\"4\"\n             data-alb_gal_id=\"1\"\n             data-title=\"B\u00f6den\"\n             data-bwg=\"0\">\n                        <div class=\"bwg-item0 \">\n              <div class=\"bwg-item1 \">\n                <div class=\"bwg-item2\">\n                  <img decoding=\"async\" class=\"skip-lazy \"\n                       data-width=\"500.00\"\n                       data-height=\"375.00\"\n                       data-src=\"https:\/\/montageservice-schneider.de\/wp-content\/uploads\/photo-gallery\/Parkett\/thumb\/Boden_(4).JPG\"\n                       src=\"https:\/\/montageservice-schneider.de\/wp-content\/uploads\/photo-gallery\/Parkett\/thumb\/Boden_(4).JPG\"\n                       alt=\"B\u00f6den\"\n                       title=\"B\u00f6den\" \/>\n                <\/div>\n                <div class=\"\">\n                  <div class=\"bwg-title1\"><div class=\"bwg-title2\">B\u00f6den<\/div><\/div>                <\/div>\n              <\/div>\n            <\/div>\n                      <\/a>\n        <\/div>\n                <div class=\"bwg-item\">\n          <a class=\"bwg-a bwg_album_0\"\n                          href=\"https:\/\/montageservice-schneider.de\/?bwg_album=tueren\"             data-container_id=\"bwg_album_compact_0\"\n             data-def_type=\"album\"\n             data-album_gallery_id=\"4\"\n             data-alb_gal_id=\"2\"\n             data-title=\"T\u00fcren\"\n             data-bwg=\"0\">\n                        <div class=\"bwg-item0 \">\n              <div class=\"bwg-item1 \">\n                <div class=\"bwg-item2\">\n                  <img decoding=\"async\" class=\"skip-lazy \"\n                       data-width=\"373.33\"\n                       data-height=\"500.00\"\n                       data-src=\"https:\/\/montageservice-schneider.de\/wp-content\/uploads\/photo-gallery\/Zimmert\u00fcren\/thumb\/Zimmert\u00fcren1_(9).JPG\"\n                       src=\"https:\/\/montageservice-schneider.de\/wp-content\/uploads\/photo-gallery\/Zimmert\u00fcren\/thumb\/Zimmert\u00fcren1_(9).JPG\"\n                       alt=\"T\u00fcren\"\n                       title=\"T\u00fcren\" \/>\n                <\/div>\n                <div class=\"\">\n                  <div class=\"bwg-title1\"><div class=\"bwg-title2\">T\u00fcren<\/div><\/div>                <\/div>\n              <\/div>\n            <\/div>\n                      <\/a>\n        <\/div>\n                <div class=\"bwg-item\">\n          <a class=\"bwg-a bwg_album_0\"\n                          href=\"https:\/\/montageservice-schneider.de\/?bwg_gallery=schiebetuersysteme\"             data-container_id=\"bwg_album_compact_0\"\n             data-def_type=\"gallery\"\n             data-album_gallery_id=\"4\"\n             data-alb_gal_id=\"9\"\n             data-title=\"Schiebet\u00fcrsysteme\"\n             data-bwg=\"0\">\n                        <div class=\"bwg-item0 \">\n              <div class=\"bwg-item1 \">\n                <div class=\"bwg-item2\">\n                  <img decoding=\"async\" class=\"skip-lazy \"\n                       data-width=\"375.00\"\n                       data-height=\"500.00\"\n                       data-src=\"https:\/\/montageservice-schneider.de\/wp-content\/uploads\/photo-gallery\/schiebet\u00fcrsysteme\/thumb\/Einbauschr\u00e4nke1_(6).JPG?bwg=1536844549\"\n                       src=\"https:\/\/montageservice-schneider.de\/wp-content\/uploads\/photo-gallery\/schiebet\u00fcrsysteme\/thumb\/Einbauschr\u00e4nke1_(6).JPG?bwg=1536844549\"\n                       alt=\"Schiebet\u00fcrsysteme\"\n                       title=\"Schiebet\u00fcrsysteme\" \/>\n                <\/div>\n                <div class=\"\">\n                  <div class=\"bwg-title1\"><div class=\"bwg-title2\">Schiebet\u00fcrsysteme<\/div><\/div>                <\/div>\n              <\/div>\n            <\/div>\n                      <\/a>\n        <\/div>\n                <div class=\"bwg-item\">\n          <a class=\"bwg-a bwg_album_0\"\n                          href=\"https:\/\/montageservice-schneider.de\/?bwg_gallery=terrassen\"             data-container_id=\"bwg_album_compact_0\"\n             data-def_type=\"gallery\"\n             data-album_gallery_id=\"4\"\n             data-alb_gal_id=\"10\"\n             data-title=\"Terrassen \"\n             data-bwg=\"0\">\n                        <div class=\"bwg-item0 \">\n              <div class=\"bwg-item1 \">\n                <div class=\"bwg-item2\">\n                  <img decoding=\"async\" class=\"skip-lazy \"\n                       data-width=\"500.00\"\n                       data-height=\"375.00\"\n                       data-src=\"https:\/\/montageservice-schneider.de\/wp-content\/uploads\/photo-gallery\/Terrassen\/thumb\/Terrassen1_(21).JPG?bwg=1536844979\"\n                       src=\"https:\/\/montageservice-schneider.de\/wp-content\/uploads\/photo-gallery\/Terrassen\/thumb\/Terrassen1_(21).JPG?bwg=1536844979\"\n                       alt=\"Terrassen \"\n                       title=\"Terrassen \" \/>\n                <\/div>\n                <div class=\"\">\n                  <div class=\"bwg-title1\"><div class=\"bwg-title2\">Terrassen <\/div><\/div>                <\/div>\n              <\/div>\n            <\/div>\n                      <\/a>\n        <\/div>\n                <div class=\"bwg-item\">\n          <a class=\"bwg-a bwg_album_0\"\n                          href=\"https:\/\/montageservice-schneider.de\/?bwg_gallery=zaeune-und-sichtschutz\"             data-container_id=\"bwg_album_compact_0\"\n             data-def_type=\"gallery\"\n             data-album_gallery_id=\"4\"\n             data-alb_gal_id=\"11\"\n             data-title=\"Z\u00e4une und Sichtschutz\"\n             data-bwg=\"0\">\n                        <div class=\"bwg-item0 \">\n              <div class=\"bwg-item1 \">\n                <div class=\"bwg-item2\">\n                  <img decoding=\"async\" class=\"skip-lazy \"\n                       data-width=\"500.00\"\n                       data-height=\"375.00\"\n                       data-src=\"https:\/\/montageservice-schneider.de\/wp-content\/uploads\/photo-gallery\/z\u00e4une_sichtschutz\/thumb\/Z5.JPG?bwg=1536845361\"\n                       src=\"https:\/\/montageservice-schneider.de\/wp-content\/uploads\/photo-gallery\/z\u00e4une_sichtschutz\/thumb\/Z5.JPG?bwg=1536845361\"\n                       alt=\"Z\u00e4une und Sichtschutz\"\n                       title=\"Z\u00e4une und Sichtschutz\" \/>\n                <\/div>\n                <div class=\"\">\n                  <div class=\"bwg-title1\"><div class=\"bwg-title2\">Z\u00e4une und Sichtschutz<\/div><\/div>                <\/div>\n              <\/div>\n            <\/div>\n                      <\/a>\n        <\/div>\n                <div class=\"bwg-item\">\n          <a class=\"bwg-a bwg_album_0\"\n                          href=\"https:\/\/montageservice-schneider.de\/?bwg_gallery=gartenhaeuser\"             data-container_id=\"bwg_album_compact_0\"\n             data-def_type=\"gallery\"\n             data-album_gallery_id=\"4\"\n             data-alb_gal_id=\"12\"\n             data-title=\"Gartenh\u00e4user\"\n             data-bwg=\"0\">\n                        <div class=\"bwg-item0 \">\n              <div class=\"bwg-item1 \">\n                <div class=\"bwg-item2\">\n                  <img decoding=\"async\" class=\"skip-lazy \"\n                       data-width=\"500.00\"\n                       data-height=\"375.00\"\n                       data-src=\"https:\/\/montageservice-schneider.de\/wp-content\/uploads\/photo-gallery\/gartenh\u00e4user\/thumb\/Gartenhaus1.JPG?bwg=1536845390\"\n                       src=\"https:\/\/montageservice-schneider.de\/wp-content\/uploads\/photo-gallery\/gartenh\u00e4user\/thumb\/Gartenhaus1.JPG?bwg=1536845390\"\n                       alt=\"Gartenh\u00e4user\"\n                       title=\"Gartenh\u00e4user\" \/>\n                <\/div>\n                <div class=\"\">\n                  <div class=\"bwg-title1\"><div class=\"bwg-title2\">Gartenh\u00e4user<\/div><\/div>                <\/div>\n              <\/div>\n            <\/div>\n                      <\/a>\n        <\/div>\n                <div class=\"bwg-item\">\n          <a class=\"bwg-a bwg_album_0\"\n                          href=\"https:\/\/montageservice-schneider.de\/?bwg_gallery=sonstiges\"             data-container_id=\"bwg_album_compact_0\"\n             data-def_type=\"gallery\"\n             data-album_gallery_id=\"4\"\n             data-alb_gal_id=\"13\"\n             data-title=\"Sonstiges\"\n             data-bwg=\"0\">\n                        <div class=\"bwg-item0 \">\n              <div class=\"bwg-item1 \">\n                <div class=\"bwg-item2\">\n                  <img decoding=\"async\" class=\"skip-lazy \"\n                       data-width=\"375.00\"\n                       data-height=\"500.00\"\n                       data-src=\"https:\/\/montageservice-schneider.de\/wp-content\/uploads\/photo-gallery\/sonst\/thumb\/Sonstiges_2011_001_(1).JPG?bwg=1536845436\"\n                       src=\"https:\/\/montageservice-schneider.de\/wp-content\/uploads\/photo-gallery\/sonst\/thumb\/Sonstiges_2011_001_(1).JPG?bwg=1536845436\"\n                       alt=\"Sonstiges\"\n                       title=\"Sonstiges\" \/>\n                <\/div>\n                <div class=\"\">\n                  <div class=\"bwg-title1\"><div class=\"bwg-title2\">Sonstiges<\/div><\/div>                <\/div>\n              <\/div>\n            <\/div>\n                      <\/a>\n        <\/div>\n            <\/div>\n          <input type=\"hidden\" id=\"bwg_album_breadcrumb_0\" name=\"bwg_album_breadcrumb_0\" value='[{&quot;id&quot;:4,&quot;page&quot;:1}]' \/>\n              <\/div>\n        <\/form>\n        <style>          #bwg_container1_0 #bwg_container2_0 #spider_popup_overlay_0 {\n          background-color: #000000;\n          opacity: 0.70;\n          }\n          <\/style>        <div id=\"bwg_spider_popup_loading_0\" class=\"bwg_spider_popup_loading\"><\/div>\n        <div id=\"spider_popup_overlay_0\" class=\"spider_popup_overlay\" onclick=\"spider_destroypopup(1000)\"><\/div>\n        <input type=\"hidden\" id=\"bwg_random_seed_0\" value=\"2098819022\">\n                <\/div>\n    <\/div>\n    <script>\n      if (document.readyState === 'complete') {\n        if( typeof bwg_main_ready == 'function' ) {\n          if ( jQuery(\"#bwg_container1_0\").height() ) {\n            bwg_main_ready(jQuery(\"#bwg_container1_0\"));\n          }\n        }\n      } else {\n        document.addEventListener('DOMContentLoaded', function() {\n          if( typeof bwg_main_ready == 'function' ) {\n            if ( jQuery(\"#bwg_container1_0\").height() ) {\n             bwg_main_ready(jQuery(\"#bwg_container1_0\"));\n            }\n          }\n        });\n      }\n    <\/script>\n    <\/div><\/div><\/div><\/div><\/div><\/div>","protected":false},"excerpt":{"rendered":"<p>Unsere Leistungen umfassen: Decken B\u00f6den Innet\u00fcren &amp; Schiebet\u00fcren Schiebet\u00fcrsysteme Haust\u00fcren Terrassen Z\u00e4une &amp; Sichtschutz Gartenh\u00e4user Sonstiges<\/p>\n","protected":false},"author":1,"featured_media":0,"parent":0,"menu_order":0,"comment_status":"closed","ping_status":"closed","template":"page-templates\/page_fullwidth.php","meta":{"footnotes":""},"class_list":["post-17","page","type-page","status-publish","hentry"],"_links":{"self":[{"href":"https:\/\/montageservice-schneider.de\/index.php?rest_route=\/wp\/v2\/pages\/17","targetHints":{"allow":["GET"]}}],"collection":[{"href":"https:\/\/montageservice-schneider.de\/index.php?rest_route=\/wp\/v2\/pages"}],"about":[{"href":"https:\/\/montageservice-schneider.de\/index.php?rest_route=\/wp\/v2\/types\/page"}],"author":[{"embeddable":true,"href":"https:\/\/montageservice-schneider.de\/index.php?rest_route=\/wp\/v2\/users\/1"}],"replies":[{"embeddable":true,"href":"https:\/\/montageservice-schneider.de\/index.php?rest_route=%2Fwp%2Fv2%2Fcomments&post=17"}],"version-history":[{"count":37,"href":"https:\/\/montageservice-schneider.de\/index.php?rest_route=\/wp\/v2\/pages\/17\/revisions"}],"predecessor-version":[{"id":185,"href":"https:\/\/montageservice-schneider.de\/index.php?rest_route=\/wp\/v2\/pages\/17\/revisions\/185"}],"wp:attachment":[{"href":"https:\/\/montageservice-schneider.de\/index.php?rest_route=%2Fwp%2Fv2%2Fmedia&parent=17"}],"curies":[{"name":"wp","href":"https:\/\/api.w.org\/{rel}","templated":true}]}}