{"id":8,"date":"2017-07-03T16:04:56","date_gmt":"2017-07-03T16:04:56","guid":{"rendered":"http:\/\/montageservice-schneider.de\/?page_id=8"},"modified":"2017-07-20T16:14:36","modified_gmt":"2017-07-20T16:14:36","slug":"steuern-sparen","status":"publish","type":"page","link":"https:\/\/montageservice-schneider.de\/?page_id=8","title":{"rendered":"Steuern sparen"},"content":{"rendered":"<p>Ab dem 1. Januar 2009 hat die Bundesregierung den Abzugsbetrag von der Steuerschuld f\u00fcr Handwerkerleistungen <b>verdoppelt!<\/b><\/p>\n<p>Das Finanzamt erstattet zuk\u00fcnftig bis zu <b>1.200<\/b> Euro!!<\/p>\n<p><b><i>Welche Leistungen sind umfasst?<\/i><\/b><br \/>\nRenovierungskosten<br \/>\nErhaltungs- und Modernisierungsma\u00dfnahmen<\/p>\n<p><b><i>Wer ist berechtigt?<\/i><\/b><br \/>\nSowohl Eigent\u00fcmer als auch Mieter k\u00f6nnen Kosten f\u00fcr Handwerkerleistungen absetzten, die in ihrem Privathaushalt anfallen.<\/p>\n<p>Welche Voraussetzungen gelten f\u00fcr die Absetzbarkeit der Handwerkerrechnungen?<br \/>\nErhalt einer Handwerkerrechnung mit ausgewiesener Mehrwertsteuer und separat angesetzten Arbeitskosten. Da auch die anteilige Mehrwertsteuer beg\u00fcnstigt ist, sollte sie getrennt nach Arbeitskosten und sonstigen Kosten ausgewiesen werden.<br \/>\n\u00dcberweisung des Rechnungsbetrags auf das Konto des Handwerksbetriebes und Einreichung einer \u00dcberweisungsdurchschrift oder eines Kontoauszuges beim Finanzamt im Rahmen der j\u00e4hrlichen Einkommensteuererkl\u00e4rung.<\/p>\n<p><b><i>Wann ist der Abzug ausgeschlossen?<\/i><\/b><br \/>\nWenn die Handwerkerkosten bereits als Betriebsausgaben, Werbungskosten, Sonderausgaben oder au\u00dfergew\u00f6hnliche Belastungen geltend gemacht werden k\u00f6nnen oder wenn die Handwerkerleistung im Rahmen eines geringf\u00fcgigen Besch\u00e4ftigungsverh\u00e4ltnisses erbracht wird, kommt die Steuererm\u00e4\u00dfigung nicht in Betracht.<\/p>\n<p><b><i>Wie berechnet sich der Abzugsbetrag?<\/i><\/b><br \/>\nBemessungsgrundlage f\u00fcr den Abzugsbetrag sind die <b>Arbeitskosten<\/b>. Maximal 20% dieser Kosten k\u00f6nnen abgezogen werden, d. h. max. 1.200 Euro!<\/p>\n<p><b>Der Abzug erfolgt von der Steuerschuld<\/b> und nicht bei der Einkunfts- oder Einkommensermittlung!<\/p>\n<p>Die maximale F\u00f6rderung kann pro Haushalt einmal im Jahr geltend gemacht werden.<\/p>\n<p><b>Vorteil:<\/b><\/p>\n<p>Haushaltsnahe Dienstleistungen (z. B. Wohnungsreinigung) sind ebenso steuerlich absetzbar.<br \/>\nWenn also Dienstleistungen <b>und<\/b> Handwerker in Anspruch genommen werden, k\u00f6nnen k\u00fcnftig <b>bis zu 1.200 Euro<\/b> im Jahr als <b>staatlicher Zuschuss<\/b> vom Finanzamt erstattet werden!<\/p>\n<p>&nbsp;<\/p>\n<p>Hier k\u00f6nnen Sie die Freistellungsbescheinigung f\u00fcr das Jahr 2017 herunterladen<\/p>\n<p><a href=\"https:\/\/montageservice-schneider.de\/wp-content\/uploads\/2017\/07\/Freistellungsbescheinigung-%C2%A7-48-18.05.2016-17.05.2019.pdf\"><strong>Download<\/strong><\/a><\/p>\n","protected":false},"excerpt":{"rendered":"<p>Ab dem 1. Januar 2009 hat die Bundesregierung den Abzugsbetrag von der Steuerschuld f\u00fcr Handwerkerleistungen verdoppelt! Das Finanzamt erstattet zuk\u00fcnftig bis zu [&hellip;]<\/p>\n","protected":false},"author":1,"featured_media":0,"parent":0,"menu_order":0,"comment_status":"closed","ping_status":"closed","template":"","meta":{"footnotes":""},"class_list":["post-8","page","type-page","status-publish","hentry"],"_links":{"self":[{"href":"https:\/\/montageservice-schneider.de\/index.php?rest_route=\/wp\/v2\/pages\/8","targetHints":{"allow":["GET"]}}],"collection":[{"href":"https:\/\/montageservice-schneider.de\/index.php?rest_route=\/wp\/v2\/pages"}],"about":[{"href":"https:\/\/montageservice-schneider.de\/index.php?rest_route=\/wp\/v2\/types\/page"}],"author":[{"embeddable":true,"href":"https:\/\/montageservice-schneider.de\/index.php?rest_route=\/wp\/v2\/users\/1"}],"replies":[{"embeddable":true,"href":"https:\/\/montageservice-schneider.de\/index.php?rest_route=%2Fwp%2Fv2%2Fcomments&post=8"}],"version-history":[{"count":6,"href":"https:\/\/montageservice-schneider.de\/index.php?rest_route=\/wp\/v2\/pages\/8\/revisions"}],"predecessor-version":[{"id":154,"href":"https:\/\/montageservice-schneider.de\/index.php?rest_route=\/wp\/v2\/pages\/8\/revisions\/154"}],"wp:attachment":[{"href":"https:\/\/montageservice-schneider.de\/index.php?rest_route=%2Fwp%2Fv2%2Fmedia&parent=8"}],"curies":[{"name":"wp","href":"https:\/\/api.w.org\/{rel}","templated":true}]}}